{"id":18,"date":"2013-03-21T18:59:17","date_gmt":"2013-03-21T17:59:17","guid":{"rendered":"http:\/\/www.santolero.com\/?page_id=18"},"modified":"2023-12-12T13:34:07","modified_gmt":"2023-12-12T12:34:07","slug":"soluzioni-e-servizi-per-le-aziende","status":"publish","type":"page","link":"https:\/\/www.santolero.com\/index.php\/soluzioni-e-servizi-per-le-aziende\/","title":{"rendered":"Soluzioni e Servizi"},"content":{"rendered":"<p><img loading=\"lazy\" decoding=\"async\" class=\" size-full wp-image-95 aligncenter\" src=\"http:\/\/www.santolero.com\/wp-content\/uploads\/2013\/03\/tfile_pic0_2.jpg\" alt=\"Soluzioni e Servizi\" width=\"303\" height=\"402\" srcset=\"https:\/\/www.santolero.com\/wp-content\/uploads\/2013\/03\/tfile_pic0_2.jpg 303w, https:\/\/www.santolero.com\/wp-content\/uploads\/2013\/03\/tfile_pic0_2-226x300.jpg 226w\" sizes=\"auto, (max-width: 303px) 100vw, 303px\" \/><\/p>\n<p>Consulenza &amp; Partnership<\/p>\n<p>Lavorando in Sinergia con la Vostra Direzione Commerciale Santolero Communication fornisce supporto e sviluppo operativo a Nuovi Progetti di Vendita e Nuovi Progetti Aziendali o si occupa di ottimizzare ed implementare progetti consolidati per trovare ulteriori sviluppi ed opportunit\u00e0 nel mercato specifico, sia sul Territorio, che sul Web. Elabora il Piano di Vendita con la Vostra Direzione Commerciale e lo rende operativo direttamente nel mercato, insieme alle forze interne ed esterne. Competenza, Affidabilit\u00e0, Efficacia, Flessibilit\u00e0, Disponibilit\u00e0, nessun costo fisso per l\u2019impresa come dipendente\/dirigente e neppure costi \u201cinattesi\u201d alla conclusione dell&#8217;attivit\u00e0: sono anche questi i Vantaggi di scegliere Santolero Communication come Vostro Consulente\/Partner.<\/p>\n<p>Gestione Forza Vendita<\/p>\n<p>La Forza Vendita \u00e8 il Canale Primario con la quale le Aziende si propongono al mercato ed \u00e8 sempre importante saggiarne l&#8217;efficacia e la reale forza, controllare Aggiornamento e Formazione, livello di soddisfazione e motivazione personale. Motivazione ed Ottimizzazione daranno ancora pi\u00f9 forza ed efficacia al Vostro messaggio verso i Vostri clienti.<\/p>\n<p>Recruiting &amp; Formazione<\/p>\n<p>La Forza Vendita \u00e8, come dicevamo, il Canale Primario con la quale le Aziende si propongono al mercato ed \u00e8 sempre importante che sia Ben Selezionato. Santolero Communication seleziona Agenti e Venditori per Reti Vendita gi\u00e0 esistenti ed implementa ed organizza Nuovi Progetti &#8220;Start Up&#8221;. Corsi di Formazione ed Aggiornamento a vari livelli per i vostri Clienti e\/o Dipendenti con docenti e professionisti del Network Santolero Communication.<\/p>\n<p>Marketing &amp; Comunicazione<\/p>\n<p>Marketing e Comunicazione sono strumenti Essenziali ed Operativi per favorire le vostre vendite, con Santolero Communication, avrete una serie di Servizi Personalizzati studiati volta per volta con voi e per voi, secondo le Vostre necessit\u00e0. Saranno iniziative calibrate sulle varie situazioni di mercato attraverso Immagine, Vendite, Advertising, Web, Stampa e l\u2019utilizzo di Nuovi Strumenti Operativi. Tutto nell\u2019ottica finale della \u201cComunicazione Integrata\u201d chiave vincente ed efficace nelle strategie operative del mercato. Siamo anche Organizzatori di Eventi, Incontri, Congressi e Meeting per i vostri Clienti e per la Forza Vendite.<\/p>\n<p>Internet &amp; Web Marketing<\/p>\n<p>Sempre di pi\u00f9 il Web diventa &#8220;Strumento Necessario&#8221; per le Aziende che vogliono farsi &#8220;Conoscere e Riconoscere&#8221; nel mercato globale. Immagine e Strategie di Web Marketing coordinate ai canali di Vendita Classici con uno sguardo sempre attento alle novit\u00e0. Santolero Communication Progetta, Coordina, Realizza e Promuove, Siti e Portali Web per le Aziende ed Enti Pubblici e per\u00a0 Nuovi Progetti Specifici.<\/p>\n<p>Analisi &amp; Mercato<\/p>\n<p>Santolero Communication \u00e8 anche Ricerche di Mercato. Raccolta, conservazione ed analisi dei dati relativi a problemi connessi al marketing dei beni e\/o dei servizi, adottando varie metodologie d\u2019intervista, sia Quantitative (telefoniche o \u201cad personam\u201d) che Qualitative (focus group o motivazionali). Tutto questo per individuare e conoscere meglio il cliente e le sue reali necessit\u00e0, creando una fonte utile di informazione per chi, all&#8217;interno di un&#8217;azienda, deve prendere decisioni di marketing.<\/p>\n<p><a href=\"https:\/\/www.santolero.com\/wp-content\/uploads\/2023\/12\/cropped-loghi-santolero-marchio-registrato_2-scaled-1.jpg\"><img loading=\"lazy\" decoding=\"async\" class=\"size-full wp-image-958 aligncenter\" src=\"https:\/\/www.santolero.com\/wp-content\/uploads\/2023\/12\/cropped-loghi-santolero-marchio-registrato_2-scaled-1.jpg\" alt=\"\" width=\"2559\" height=\"769\" srcset=\"https:\/\/www.santolero.com\/wp-content\/uploads\/2023\/12\/cropped-loghi-santolero-marchio-registrato_2-scaled-1.jpg 2559w, https:\/\/www.santolero.com\/wp-content\/uploads\/2023\/12\/cropped-loghi-santolero-marchio-registrato_2-scaled-1-300x90.jpg 300w, https:\/\/www.santolero.com\/wp-content\/uploads\/2023\/12\/cropped-loghi-santolero-marchio-registrato_2-scaled-1-1024x308.jpg 1024w, https:\/\/www.santolero.com\/wp-content\/uploads\/2023\/12\/cropped-loghi-santolero-marchio-registrato_2-scaled-1-768x231.jpg 768w, https:\/\/www.santolero.com\/wp-content\/uploads\/2023\/12\/cropped-loghi-santolero-marchio-registrato_2-scaled-1-1536x462.jpg 1536w, https:\/\/www.santolero.com\/wp-content\/uploads\/2023\/12\/cropped-loghi-santolero-marchio-registrato_2-scaled-1-2048x615.jpg 2048w\" sizes=\"auto, (max-width: 2559px) 100vw, 2559px\" \/><\/a><\/p>\n","protected":false},"excerpt":{"rendered":"<p>Santolero Communication, Global Management Consulting, Consulenza &#038; Partnership, Gestione Forza Vendita, Recruiting &#038; Formazione, Internet &#038; Web Marketing, Analisi &#038; Mercato.<\/p>\n","protected":false},"author":1,"featured_media":95,"parent":0,"menu_order":0,"comment_status":"closed","ping_status":"closed","template":"","meta":{"footnotes":""},"class_list":["post-18","page","type-page","status-publish","has-post-thumbnail","czr-hentry"],"_links":{"self":[{"href":"https:\/\/www.santolero.com\/index.php\/wp-json\/wp\/v2\/pages\/18","targetHints":{"allow":["GET"]}}],"collection":[{"href":"https:\/\/www.santolero.com\/index.php\/wp-json\/wp\/v2\/pages"}],"about":[{"href":"https:\/\/www.santolero.com\/index.php\/wp-json\/wp\/v2\/types\/page"}],"author":[{"embeddable":true,"href":"https:\/\/www.santolero.com\/index.php\/wp-json\/wp\/v2\/users\/1"}],"replies":[{"embeddable":true,"href":"https:\/\/www.santolero.com\/index.php\/wp-json\/wp\/v2\/comments?post=18"}],"version-history":[{"count":24,"href":"https:\/\/www.santolero.com\/index.php\/wp-json\/wp\/v2\/pages\/18\/revisions"}],"predecessor-version":[{"id":965,"href":"https:\/\/www.santolero.com\/index.php\/wp-json\/wp\/v2\/pages\/18\/revisions\/965"}],"wp:featuredmedia":[{"embeddable":true,"href":"https:\/\/www.santolero.com\/index.php\/wp-json\/wp\/v2\/media\/95"}],"wp:attachment":[{"href":"https:\/\/www.santolero.com\/index.php\/wp-json\/wp\/v2\/media?parent=18"}],"curies":[{"name":"wp","href":"https:\/\/api.w.org\/{rel}","templated":true}]}}