{"id":454,"date":"2015-06-22T23:09:54","date_gmt":"2015-06-22T21:09:54","guid":{"rendered":"http:\/\/www.santolero.com\/?page_id=454"},"modified":"2019-04-22T12:52:54","modified_gmt":"2019-04-22T10:52:54","slug":"cookie","status":"publish","type":"page","link":"https:\/\/www.santolero.com\/index.php\/cookie\/","title":{"rendered":"Cookie"},"content":{"rendered":"<h1><img loading=\"lazy\" decoding=\"async\" class=\"alignnone size-full wp-image-367\" src=\"http:\/\/www.santolero.com\/wp-content\/uploads\/2014\/02\/santolero-logo-ufficiale-sito-2011.jpg\" alt=\"santolero logo ufficiale sito 2011\" width=\"634\" height=\"185\" srcset=\"https:\/\/www.santolero.com\/wp-content\/uploads\/2014\/02\/santolero-logo-ufficiale-sito-2011.jpg 634w, https:\/\/www.santolero.com\/wp-content\/uploads\/2014\/02\/santolero-logo-ufficiale-sito-2011-300x87.jpg 300w\" sizes=\"auto, (max-width: 634px) 100vw, 634px\" \/><\/h1>\n<h1>Cookies<\/h1>\n<p><b><strong>UTILIZZO COOKIES<\/strong><\/b><\/p>\n<ol>\n<li><b><strong>Che cosa sono i Cookies?<\/strong><\/b><br \/>\nI cookies sono piccoli file di testo generati dai siti web visitati dall\u2019utente, che mantengono i dati della sessione che potrebbero essere usati successivamente nel sito. Il dato permette al sito di mantenere le informazioni dell\u2019utente tra le pagine ed anche di analizzare il modo in cui questi interagisce con il sito.<br \/>\nI cookies sono sicuri \u2013 possono soltanto conservare l\u2019informazione che viene inserita dal browser, relativa all\u2019accesso nel browser stesso o che \u00e8 inclusa nella pagina richiesta. Essi non possono trasformarsi in codici e non possono essere utilizzati per accedere al computer dell\u2019utente. Se un sito web cripta le informazioni nel cookie, soltanto il sito web pu\u00f2 leggere l\u2019informazione.<\/li>\n<li><b><strong>Quali sono le principali tipologie di Cookies?<\/strong><\/b><br \/>\nDi seguito, una breve descrizione delle principali tipologie di cookies:<\/li>\n<\/ol>\n<ul>\n<li><i><em>Session e Persistent Cookies<br \/>\n<\/em><\/i>I Session Cookies, che contengono l\u2019informazione che viene utilizzata nella tua sessione corrente del browser. Questi cookies vengono automaticamente cancellati quando chiudi il browser.<br \/>\nI Persistent Cookies (tipo PHPSESSIONID), che vengono utilizzati per mantenere l\u2019informazione che viene utilizzata nel periodo tra un accesso e l\u2019altro al sito web, o\u00a0 utilizzati per finalit\u00e0 tecniche e per migliorare la navigazione sul sito. Questo dato permette ai siti di riconoscere che sei utente o visitatore gi\u00e0 noto e si adatta di conseguenza. I cookies \u201cpersistenti\u201d hanno una durata che viene fissata dal sito web e che pu\u00f2 variare da pochi minuti a diversi anni<\/li>\n<li><i><em>Cookies di prima parte e di terze parti<br \/>\n<\/em><\/i>I Cookies di prima parte, che appartengono al sito che li ha creati.<br \/>\nI Cookies di terze parti, che sono creati da domini esterni al sito ed i cui dati sono conservati presso il soggetto terzo.<\/li>\n<li><i><em>Cookie tecnici e di profilazione<br \/>\n<\/em><\/i>I Cookie tecnici, che sono quelli utilizzati al solo fine di effettuare la trasmissione di una comunicazione su una rete di comunicazione elettronica, o nella misura strettamente necessaria al fornitore di un servizio della societ\u00e0 dell&#8217;informazione esplicitamente richiesto dall&#8217;abbonato o dall&#8217;utente a erogare tale servizio (cfr. art. 122, comma 1, del Codice Privacy). Essi non vengono utilizzati per scopi ulteriori e sono normalmente installati direttamente dal titolare o gestore del sito web. Tra essi figurano, ad esempio, i Cookie di funzionalit\u00e0, che permettono all&#8217;utente la navigazione in funzione di una serie di criteri selezionati (ad esempio, la lingua, i prodotti selezionati per l&#8217;acquisto) al fine di migliorare il servizio reso.I <i><em>Cookie Analytics<\/em><\/i> sono assimilati ai cookie tecnici laddove utilizzati direttamente dal gestore del sito per raccogliere informazioni, in forma aggregata, sul numero degli utenti e su come questi visitano il sito stesso.I<i><em> Cookie di profilazione<\/em><\/i>, che sono volti a creare profili relativi all&#8217;utente e vengono utilizzati al fine di inviare messaggi pubblicitari in linea con le preferenze manifestate dallo stesso nell&#8217;ambito della navigazione in rete. In ragione della particolare invasivit\u00e0 che tali dispositivi possono avere nell&#8217;ambito della sfera privata degli utenti, la normativa europea e italiana prevede che l&#8217;utente debba essere adeguatamente informato sull&#8217;uso degli stessi ed esprimere cos\u00ec il proprio valido consenso.<\/li>\n<\/ul>\n<ol start=\"3\">\n<li><b><strong> Quali Cookie utilizza il presente sito web, quali sono le loro principali caratteristiche <\/strong><\/b><br \/>\nI cookie di sessione utilizzati in questo Sito evitano il ricorso ad altre tecniche informatiche potenzialmente pregiudizievoli per la riservatezza della navigazione degli utenti e non consentono l\u2019acquisizione di dati personali identificativi dell\u2019utente. In qualsiasi momento l\u2019utente potr\u00e0 cancellare i cookie dal proprio sistema, con modalit\u00e0 diverse a seconda del browser utilizzato, od impostare il proprio browser per non accettare cookie e disabilitare i javascript. In tal caso, tuttavia, non \u00e8 garantito il corretto funzionamento di tutti gli strumenti che il nostro sito mette a vostra disposizione, compresa la possibilit\u00e0 di inviare messaggi, richieste di prenotazione o iscrizione alla newsletter.\u00a0Questo Sito utilizza Google Analytics, un servizio di analisi web fornito da Google, Inc. (\u201cGoogle\u201d). Google Analytics utilizza dei \u201ccookies\u201d, che sono file di testo che vengono depositati sul Vostro computer per consentire al Sito di analizzare come gli utenti utilizzano il Sito. Le informazioni generate dal cookie sull\u2019utilizzo del Sito da parte Sua (compreso il Suo indirizzo IP) verranno trasmesse a, e depositate presso i server di Google negli Stati Uniti. Google utilizzer\u00e0 queste informazioni allo scopo di tracciare e esaminare il Suo utilizzo del Sito, compilare report sulle attivit\u00e0 del Sito per Santolero Communication e fornire altri servizi relativi alle attivit\u00e0 del Sito e all\u2019utilizzo di Internet. Google pu\u00f2 anche trasferire queste informazioni a terzi ove ci\u00f2 sia imposto dalla legge o laddove tali terzi trattino le suddette informazioni per conto di Google. Google non assocer\u00e0 il Suo indirizzo IP a nessun altro dato posseduto da Google. Potete rifiutarvi di usare i cookies selezionando l\u2019impostazione appropriata sul vostro browser, ma ci\u00f2 potrebbe impedirvi di utilizzare tutte le funzionalit\u00e0 di questo Sito. Utilizzando il presente Sito, l\u2019Utente acconsente al trattamento dei propri dati da parte di Google per le modalit\u00e0 e i fini sopraindicati.<br \/>\nPer consultare l\u2019informativa privacy della societ\u00e0 Google, relativa al servizio Google Analytics, La preghiamo di visitare il sito Internet http:\/\/www.google.com\/intl\/en\/analytics\/privacyoverview.html.<br \/>\nPer conoscere le norme sulla privacy di Google La preghiamo di vistare il sito Internethttp:\/\/www.google.com\/intl\/it\/privacy\/privacy-policy.html.<\/li>\n<\/ol>\n<p><b><strong>4.<\/strong><\/b><b><strong>Come negare il consenso a ciascuno dei cookie di profilazione<\/strong><\/b><br \/>\nPer <b><strong><u>negare il consenso<\/u><\/strong><\/b> all\u2019utilizzo di uno o pi\u00f9 cookie di profilazione l\u2019utente potr\u00e0 seguire la procedura di disabilitazione prevista dai principali browser:<\/p>\n<p><b><strong>Microsoft Windows Explorer<\/strong><\/b><br \/>\nhttp:\/\/windows.microsoft.com\/en-us\/windows-vista\/block-or-allow-cookies<\/p>\n<p><b><strong>Mozilla Firefox<\/strong><\/b><br \/>\nhttp:\/\/support.mozilla.org\/en-US\/kb\/Enabling%20and%20disabling%20cookies<\/p>\n<p><b><strong>Google Chrome<\/strong><\/b><br \/>\nhttps:\/\/support.google.com\/accounts\/answer\/61416?hl=it<\/p>\n<p><b><strong>Apple Safari<\/strong><\/b><br \/>\nhttp:\/\/www.apple.com\/legal\/privacy\/<\/p>\n<p><b><strong>Cookie Flash<\/strong><\/b><br \/>\nhttp:\/\/www.macromedia.com\/support\/documentation\/en\/flashplayer\/help\/settings_manager02.html#118539<\/p>\n<p>Si rimanda alla pagina <b><strong>Privacy Policy<\/strong><\/b>\u00a0 per l\u2019informativa completa sul trattamento dati prevista ex art. 13 codice privacy<\/p>\n","protected":false},"excerpt":{"rendered":"<p>Cookies UTILIZZO COOKIES Che cosa sono i Cookies? I cookies sono piccoli file di testo generati dai siti web visitati dall\u2019utente, che mantengono i dati della sessione che potrebbero essere usati successivamente nel sito. Il dato permette al sito di mantenere le informazioni dell\u2019utente tra le pagine ed anche di analizzare il modo in cui [&hellip;]<\/p>\n","protected":false},"author":1,"featured_media":0,"parent":0,"menu_order":0,"comment_status":"closed","ping_status":"closed","template":"","meta":{"footnotes":""},"class_list":["post-454","page","type-page","status-publish","czr-hentry"],"_links":{"self":[{"href":"https:\/\/www.santolero.com\/index.php\/wp-json\/wp\/v2\/pages\/454","targetHints":{"allow":["GET"]}}],"collection":[{"href":"https:\/\/www.santolero.com\/index.php\/wp-json\/wp\/v2\/pages"}],"about":[{"href":"https:\/\/www.santolero.com\/index.php\/wp-json\/wp\/v2\/types\/page"}],"author":[{"embeddable":true,"href":"https:\/\/www.santolero.com\/index.php\/wp-json\/wp\/v2\/users\/1"}],"replies":[{"embeddable":true,"href":"https:\/\/www.santolero.com\/index.php\/wp-json\/wp\/v2\/comments?post=454"}],"version-history":[{"count":7,"href":"https:\/\/www.santolero.com\/index.php\/wp-json\/wp\/v2\/pages\/454\/revisions"}],"predecessor-version":[{"id":848,"href":"https:\/\/www.santolero.com\/index.php\/wp-json\/wp\/v2\/pages\/454\/revisions\/848"}],"wp:attachment":[{"href":"https:\/\/www.santolero.com\/index.php\/wp-json\/wp\/v2\/media?parent=454"}],"curies":[{"name":"wp","href":"https:\/\/api.w.org\/{rel}","templated":true}]}}