{"id":509,"date":"2015-08-21T09:44:05","date_gmt":"2015-08-21T07:44:05","guid":{"rendered":"http:\/\/www.santolero.com\/?page_id=509"},"modified":"2019-04-22T12:52:02","modified_gmt":"2019-04-22T10:52:02","slug":"chi-siamo","status":"publish","type":"page","link":"https:\/\/www.santolero.com\/index.php\/chi-siamo\/","title":{"rendered":"Chi Siamo"},"content":{"rendered":"<p><img loading=\"lazy\" decoding=\"async\" class=\" size-full wp-image-89 aligncenter\" src=\"http:\/\/www.santolero.com\/wp-content\/uploads\/2013\/03\/tfile_pic0_4.jpg\" alt=\"Chi Siamo\" width=\"303\" height=\"402\" srcset=\"https:\/\/www.santolero.com\/wp-content\/uploads\/2013\/03\/tfile_pic0_4.jpg 303w, https:\/\/www.santolero.com\/wp-content\/uploads\/2013\/03\/tfile_pic0_4-226x300.jpg 226w\" sizes=\"auto, (max-width: 303px) 100vw, 303px\" \/><\/p>\n<p>Santolero Communication Network = Partnership a 360 gradi<\/p>\n<p>Siamo un\u2019Agenzia di Consulenza Aziendale nel settore Vendite e nel Marketing Strategico, in particolare, legate alle Analisi di Mercato unite al lancio di Nuovi Prodotti. Dal 1989 seguiamo sul territorio la Gestione della Forza Vendite in vari settori ed in Partnership con numerose Aziende. Oltre al Recruiting e alla Selezione del Personale addetto alle vendite ed altri settori collegati, realizziamo Corsi di Formazione ed Aggiornamento, anche attraverso eventi, corsi e congressi ad hoc. Dal 2000 ci occupiamo della Vendita on-line, della realizzazione di Siti e Portali e di Web Marketing Integrato, con un particolare interesse alle Nuove Tendenze. Dal 2012 abbiamo implementato Servizi di Consulenza alle Aziende Farmaceutiche del Sud Europa, Bacino del Mediterraneo, Medio Oriente e Penisola Araba nel Settore Quality, Regolatorio e Marketing. Siamo certi che il Meglio sia ancora da Arrivare e che il Miglior Progetto, il pi\u00f9 Bello sar\u00e0 quello che Tu ci Porterai Domani!<\/p>\n<blockquote><p>Ogni Progetto \u00e8 Unico!<\/p>\n<p>Partendo da queste semplici parole, proponiamo sempre ai nostri Clienti soluzioni su misura, fatte di Strategia e Creativit\u00e0, dove ogni Cliente \u00e8 unico, come il suo Prodotto e la sua Azienda. Il nostro obiettivo \u00e8 fondamentalmente far Nascere, Coltivare e Crescere un\u2019Emozione tra il vostro Marchio e i suoi Consumatori.<\/p>\n<p>\u2026Se possiamo avere una Persona ed un Progetto, potremo forgiare un Professionista, e da l\u00ec a poco con la Passione per il Progetto, arriveranno certamente le Performances! Tutto questo a patto che si lavori tutti con lo Stesso Obiettivo e con il Sorriso sulle Labbra, per poter arrivare a: LAVORARE DIVERTENDOSI! Lavorare Divertendosi si pu\u00f2! Noi riusciamo con Passione per il Progetto\u2026 e Tu?<\/p><\/blockquote>\n","protected":false},"excerpt":{"rendered":"<p>Santolero Communication Network = Partnership a 360 gradi Siamo un\u2019Agenzia di Consulenza Aziendale nel settore Vendite e nel Marketing Strategico, in particolare, legate alle Analisi di Mercato unite al lancio di Nuovi Prodotti. Dal 1989 seguiamo sul territorio la Gestione della Forza Vendite in vari settori ed in Partnership con numerose Aziende. Oltre al Recruiting [&hellip;]<\/p>\n","protected":false},"author":1,"featured_media":0,"parent":0,"menu_order":0,"comment_status":"closed","ping_status":"closed","template":"","meta":{"footnotes":""},"class_list":["post-509","page","type-page","status-publish","czr-hentry"],"_links":{"self":[{"href":"https:\/\/www.santolero.com\/index.php\/wp-json\/wp\/v2\/pages\/509","targetHints":{"allow":["GET"]}}],"collection":[{"href":"https:\/\/www.santolero.com\/index.php\/wp-json\/wp\/v2\/pages"}],"about":[{"href":"https:\/\/www.santolero.com\/index.php\/wp-json\/wp\/v2\/types\/page"}],"author":[{"embeddable":true,"href":"https:\/\/www.santolero.com\/index.php\/wp-json\/wp\/v2\/users\/1"}],"replies":[{"embeddable":true,"href":"https:\/\/www.santolero.com\/index.php\/wp-json\/wp\/v2\/comments?post=509"}],"version-history":[{"count":9,"href":"https:\/\/www.santolero.com\/index.php\/wp-json\/wp\/v2\/pages\/509\/revisions"}],"predecessor-version":[{"id":844,"href":"https:\/\/www.santolero.com\/index.php\/wp-json\/wp\/v2\/pages\/509\/revisions\/844"}],"wp:attachment":[{"href":"https:\/\/www.santolero.com\/index.php\/wp-json\/wp\/v2\/media?parent=509"}],"curies":[{"name":"wp","href":"https:\/\/api.w.org\/{rel}","templated":true}]}}