{"id":518,"date":"2015-08-21T13:52:34","date_gmt":"2015-08-21T11:52:34","guid":{"rendered":"http:\/\/www.santolero.com\/?page_id=518"},"modified":"2024-03-06T18:06:53","modified_gmt":"2024-03-06T17:06:53","slug":"partnership","status":"publish","type":"page","link":"https:\/\/www.santolero.com\/index.php\/partnership\/","title":{"rendered":"Partnership"},"content":{"rendered":"\n<figure class=\"wp-block-gallery has-nested-images columns-default is-cropped wp-block-gallery-1 is-layout-flex wp-block-gallery-is-layout-flex\">\n<figure class=\"wp-block-image size-large\"><a href=\"https:\/\/www.santolero.com\/wp-content\/uploads\/2024\/03\/Sfondo-Theriaca-3.jpg\"><img loading=\"lazy\" decoding=\"async\" width=\"1024\" height=\"227\" data-id=\"972\" src=\"https:\/\/www.santolero.com\/wp-content\/uploads\/2024\/03\/Sfondo-Theriaca-3-1024x227.jpg\" alt=\"\" class=\"wp-image-972\" srcset=\"https:\/\/www.santolero.com\/wp-content\/uploads\/2024\/03\/Sfondo-Theriaca-3-1024x227.jpg 1024w, https:\/\/www.santolero.com\/wp-content\/uploads\/2024\/03\/Sfondo-Theriaca-3-300x66.jpg 300w, https:\/\/www.santolero.com\/wp-content\/uploads\/2024\/03\/Sfondo-Theriaca-3-768x170.jpg 768w, https:\/\/www.santolero.com\/wp-content\/uploads\/2024\/03\/Sfondo-Theriaca-3-1536x340.jpg 1536w, https:\/\/www.santolero.com\/wp-content\/uploads\/2024\/03\/Sfondo-Theriaca-3.jpg 1904w\" sizes=\"auto, (max-width: 1024px) 100vw, 1024px\" \/><\/a><\/figure>\n<\/figure>\n\n\n<p><strong>Theriaca<\/strong>\u00a0\u00e8 un Societ\u00e0 Farmaceutica fondata nel 1988 da un gruppo di appassionati farmacisti con l\u2019intento di\u00a0<strong>Studiare, Ricercare, Produrre<\/strong>\u00a0e\u00a0<strong>Commercializzare<\/strong>\u00a0molecole e prodotti innovativi nel<em>\u00a0<\/em><strong><em>Settore Farmaceutico<\/em>,<em> Alimentare-Dietetico, Cosmetico ed Agro-Chimico. <\/em><\/strong>I fondatori, gi\u00e0 nella scelta del nome\u00a0<strong>Theriaca<\/strong>\u00a0(<em>dal Greco\u00a0<strong>\u03b8\u03b7\u03c1\u03b9\u03b1\u03ba\u03ae \u2013\u00a0\u0398\u0397\u03a1\u0399\u0391\u039a\u0397<\/strong><\/em>\u00a0\u2013<em><strong>\u00a0Th\u0113riak\u1e17<\/strong>\u00a0\u2013 \u201cantidoto\u201d \u2013 in taluni manoscritti\u00a0<strong>TERIACA<\/strong>\u00a0o\u00a0<strong>TRIACA<\/strong>)<\/em>, hanno dato un chiaro riferimento alla Teriaca di Mitridate, di Andromaco ed a quella Veneziana, volendo sintetizzare la mission dell\u2019Azienda. \u00a0<a href=\"https:\/\/www.santolero.com\/index.php\/theriaca-pharma-mater-omnium-medicinarum-triaca-est-petrus-patavinus-1250-1316\/\">Read more&#8230;.<\/a><\/p>\n<p><img loading=\"lazy\" decoding=\"async\" class=\"size-full wp-image-739 aligncenter\" src=\"http:\/\/www.santolero.com\/wp-content\/uploads\/2015\/08\/rephine-sourcing-logo.png\" alt=\"\" width=\"283\" height=\"61\" \/><\/p>\n<p>Il PRIMO PORTATO che FORNISCE DOCUMENTAZIONE DI QUALITA\u2019 per PRODOTTI CHIMICI ATTIVI! Forniamo servizi a chi COMPRA ed a chi FORNISCE API. Per i COMPRATORI, un APPROVVIGIONAMENTO di API con uno strumento di ricerca ON LINE efficiente ed un accesso ad informazioni e documenti dettagliati sul controllo di qualit\u00e0. Per il portafoglio di API gi\u00e0 APPROVATI un servizio di AGGIORNAMENTO CONTINUO della documentazione QA. Per i FORNITORI DI API una Assistenza alla vendita qualificata in tempo reale ed uno strumento di Marketing con una Gestione efficiente della documentazione standard QA. <a href=\"http:\/\/www.santolero.com\/index.php\/primo-portale-on-line-ricerca-molecole-e-documentazione-quality-api-prodotti-chimici-attivi\/\">Read more&#8230;.<\/a><\/p>\n<p><img loading=\"lazy\" decoding=\"async\" class=\"size-full wp-image-584 aligncenter\" src=\"http:\/\/www.santolero.com\/wp-content\/uploads\/2016\/02\/logo-long.png\" alt=\"logo-long\" width=\"397\" height=\"107\" srcset=\"https:\/\/www.santolero.com\/wp-content\/uploads\/2016\/02\/logo-long.png 397w, https:\/\/www.santolero.com\/wp-content\/uploads\/2016\/02\/logo-long-300x81.png 300w\" sizes=\"auto, (max-width: 397px) 100vw, 397px\" \/><\/p>\n<p>FARMAGROUP \u00e8 stata fondata nel 2010 da Professionisti di lunga e consolidata esperienza nel settore farmaceutico, guidati dalla volont\u00e0 di creare una realt\u00e0 industriale in grado di contribuire al miglioramento della salute e della qualit\u00e0 di vita delle persone.<br \/>Obiettivo perseguito non solo con la messa a punto e la commercializzazione di prodotti per le pi\u00f9 comuni e gravi patologie, ma anche attraverso la collaborazione scientifica e clinica con i pi\u00f9 prestigiosi Enti di Ricerca italiani.\u00a0<a href=\"http:\/\/www.santolero.com\/index.php\/farmagroup-industria-farmaceutica-italiana\/\" target=\"_blank\" rel=\"noopener noreferrer\">Read more&#8230;.<\/a><\/p>\n<hr \/>\n<p><img loading=\"lazy\" decoding=\"async\" class=\" size-full wp-image-363 aligncenter\" src=\"http:\/\/www.santolero.com\/wp-content\/uploads\/2014\/01\/officina-logo-web.jpg\" alt=\"officina logo web\" width=\"601\" height=\"99\" srcset=\"https:\/\/www.santolero.com\/wp-content\/uploads\/2014\/01\/officina-logo-web.jpg 601w, https:\/\/www.santolero.com\/wp-content\/uploads\/2014\/01\/officina-logo-web-300x49.jpg 300w\" sizes=\"auto, (max-width: 601px) 100vw, 601px\" \/><\/p>\n<p>Il progetto Officina della Natura nasce su iniziativa della Azienda Agricola Officina della Natura s.r.l. decisa a creare una struttura per trasformare e valorizzare le Produzioni Agricole Toscane della Val d\u2019Orcia e del Monte Amiata. L\u2019Azienda si colloca in un contesto ambientale e paesaggistico unico ai confini tra i comuni di San Quirico d\u2019Orcia, Castiglione d\u2019Orcia e Montalcino, lungo il corso del fiume Orcia.\u00a0<a href=\"http:\/\/www.santolero.com\/index.php\/officina-della-natura-tisane-ed-infusi-salute-e-benessere\/\">Read more&#8230;.<\/a><\/p>\n<hr \/>\n<p><strong><img loading=\"lazy\" decoding=\"async\" class=\" size-full wp-image-335 aligncenter\" src=\"http:\/\/www.santolero.com\/wp-content\/uploads\/2013\/10\/logo.jpg\" alt=\"logo\" width=\"260\" height=\"68\" \/><\/strong><\/p>\n<p>BusineSS TechnolOGY al servizio delle imprese : un modo nuovo di utilizzare le conoscenze per crescere.\u00a0Vuoi accelerare la crescita e l\u2019internazionalizzazione ?\u00a0Stai iniziando un passaggio generazionale ?\u00a0Devi sviluppare reti di vendita su larga scala ?\u00a0Stai progettando una accademia aziendale ?\u00a0Le risorse umane sono un asset fondamentale della tua crescita?\u00a0Utilizzi video-corsi e sistemi di formazione a distanza?\u00a0YGOSS ha una soluzione completa per le tue esigenze che ti fa crescere pi\u00f9 rapidamente ed a costi minori.\u00a0\u00a0<a href=\"http:\/\/www.santolero.com\/index.php\/ygoss-consulenza-aziendale-sviluppo-risorse-umane-progettazione-academy-corsi-on-line-tool-per-la-formazione\/\">Read more&#8230;<\/a><\/p>\n<hr \/>\n<p><img loading=\"lazy\" decoding=\"async\" class=\" size-full wp-image-192 aligncenter\" src=\"http:\/\/www.santolero.com\/wp-content\/uploads\/2013\/03\/partner-palazzuolo.jpg\" alt=\"partner palazzuolo\" width=\"400\" height=\"163\" srcset=\"https:\/\/www.santolero.com\/wp-content\/uploads\/2013\/03\/partner-palazzuolo.jpg 400w, https:\/\/www.santolero.com\/wp-content\/uploads\/2013\/03\/partner-palazzuolo-300x122.jpg 300w\" sizes=\"auto, (max-width: 400px) 100vw, 400px\" \/><\/p>\n<p>Lasciato il Borgo Medievale di San Quirico d\u2019Orcia, appena fuori delle sue mura, si trova l\u2019Albergo Palazzuolo. Percorrendo il sentiero che corre all\u2019interno del suo sconfinato parco, tra i filari di cipressi, si incontra un\u2019affascinante e romantico laghetto.\u00a0Nell\u2019immenso complesso trovano collocazione 42 camere ed una stupenda e panoramica piscina a tre vasche. \u00a0<a href=\"http:\/\/www.santolero.com\/index.php\/hotel-palazzuolo-la-piu-bella-terrazza-sulla-val-dorcia\/\">Read more&#8230;.<\/a><\/p>\n<hr \/>\n<p><img loading=\"lazy\" decoding=\"async\" class=\" size-full wp-image-202 aligncenter\" src=\"http:\/\/www.santolero.com\/wp-content\/uploads\/2013\/04\/partner-rephine.jpg\" alt=\"partner rephine\" width=\"489\" height=\"138\" srcset=\"https:\/\/www.santolero.com\/wp-content\/uploads\/2013\/04\/partner-rephine.jpg 489w, https:\/\/www.santolero.com\/wp-content\/uploads\/2013\/04\/partner-rephine-300x84.jpg 300w\" sizes=\"auto, (max-width: 489px) 100vw, 489px\" \/><\/p>\n<p>Pharmassess Audit Reports &#8211;\u00a0Marketing Authorisation Holders (MAH) are required to audit their suppliers at least every 3 years to ensure that manufacturing processes comply with Good Manufacturing Practice (GMP).\u00a0Rephine GMP Auditing &#8211;\u00a0Founded in 1998, Rephine is a UK based pharmaceutical consultancy specialising in GMP Auditing Service, including APIs (to ICH Q7 and Q9 standards), intermediate products, excipients, and packaging audits.\u00a0Rephine Regulatory Services &#8211;\u00a0Rephine provides regulatory services to pharmaceutical companies, either as support to internal staff or as a turnkey solution. Rephine\u2019s regulatory work is worldwide and Rephine is up to date with international legislation, guidelines and customer practices in all relevant countries. <a href=\"http:\/\/www.santolero.com\/index.php\/rephine-audit-reports-good-manufacturing-practice-pharmassess-pharmaceutical-consultancy-regulatory-services\/\">Read more&#8230;<\/a><\/p>\n<hr \/>\n<p><img loading=\"lazy\" decoding=\"async\" class=\" size-full wp-image-172 aligncenter\" src=\"http:\/\/www.santolero.com\/wp-content\/uploads\/2013\/03\/partner-borgonatura.jpg\" alt=\"partner borgonatura\" width=\"489\" height=\"138\" srcset=\"https:\/\/www.santolero.com\/wp-content\/uploads\/2013\/03\/partner-borgonatura.jpg 489w, https:\/\/www.santolero.com\/wp-content\/uploads\/2013\/03\/partner-borgonatura-300x84.jpg 300w\" sizes=\"auto, (max-width: 489px) 100vw, 489px\" \/><\/p>\n<p>Borgo Natura Produce e Coltiva fin dalla fine del \u2018700 le dolci colline Toscane tra Montalcino, San Quirico d\u2019Orcia e Pienza ed oggi ti invita a Scegliere e Gustare oltre ai suoi Antichi Sapori della Val d\u2019Orcia, tutti i Prodotti che le Migliori Aziende Agrarie Toscane Associate al Circuito Qualit\u00e0 di Borgo Natura producono e giorno dopo giorno, con mani esperte e piene d\u2019amore per la Genuinit\u00e0 e la Tradizione, Amano e rendono quindi \u201cUnici\u201d. Facciamo ora alcuni esempi\u2026 <a href=\"http:\/\/www.santolero.com\/index.php\/borgo-natura-sapori-e-prodotti-tipici-toscani\/\">Read more&#8230;.<\/a><\/p>\n<hr \/><hr \/>","protected":false},"excerpt":{"rendered":"<p>Theriaca\u00a0\u00e8 un Societ\u00e0 Farmaceutica fondata nel 1988 da un gruppo di appassionati farmacisti con l\u2019intento di\u00a0Studiare, Ricercare, Produrre\u00a0e\u00a0Commercializzare\u00a0molecole e prodotti innovativi nel\u00a0Settore Farmaceutico, Alimentare-Dietetico, Cosmetico ed Agro-Chimico. I fondatori, gi\u00e0 nella scelta del nome\u00a0Theriaca\u00a0(dal Greco\u00a0\u03b8\u03b7\u03c1\u03b9\u03b1\u03ba\u03ae \u2013\u00a0\u0398\u0397\u03a1\u0399\u0391\u039a\u0397\u00a0\u2013\u00a0Th\u0113riak\u1e17\u00a0\u2013 \u201cantidoto\u201d \u2013 in taluni manoscritti\u00a0TERIACA\u00a0o\u00a0TRIACA), hanno dato un chiaro riferimento alla Teriaca di Mitridate, di Andromaco ed a quella [&hellip;]<\/p>\n","protected":false},"author":1,"featured_media":0,"parent":0,"menu_order":0,"comment_status":"closed","ping_status":"closed","template":"","meta":{"footnotes":""},"class_list":["post-518","page","type-page","status-publish","czr-hentry"],"_links":{"self":[{"href":"https:\/\/www.santolero.com\/index.php\/wp-json\/wp\/v2\/pages\/518","targetHints":{"allow":["GET"]}}],"collection":[{"href":"https:\/\/www.santolero.com\/index.php\/wp-json\/wp\/v2\/pages"}],"about":[{"href":"https:\/\/www.santolero.com\/index.php\/wp-json\/wp\/v2\/types\/page"}],"author":[{"embeddable":true,"href":"https:\/\/www.santolero.com\/index.php\/wp-json\/wp\/v2\/users\/1"}],"replies":[{"embeddable":true,"href":"https:\/\/www.santolero.com\/index.php\/wp-json\/wp\/v2\/comments?post=518"}],"version-history":[{"count":24,"href":"https:\/\/www.santolero.com\/index.php\/wp-json\/wp\/v2\/pages\/518\/revisions"}],"predecessor-version":[{"id":976,"href":"https:\/\/www.santolero.com\/index.php\/wp-json\/wp\/v2\/pages\/518\/revisions\/976"}],"wp:attachment":[{"href":"https:\/\/www.santolero.com\/index.php\/wp-json\/wp\/v2\/media?parent=518"}],"curies":[{"name":"wp","href":"https:\/\/api.w.org\/{rel}","templated":true}]}}